{"id":11,"date":"2022-04-25T12:02:25","date_gmt":"2022-04-25T10:02:25","guid":{"rendered":"https:\/\/fondationmiotte.com\/?page_id=11"},"modified":"2025-03-08T15:16:46","modified_gmt":"2025-03-08T14:16:46","slug":"contact-fr","status":"publish","type":"page","link":"https:\/\/fondationmiotte.com\/index.php\/contact-fr\/","title":{"rendered":"Fondation Jean Miotte Contact"},"content":{"rendered":"<div class=\"wpb-content-wrapper\"><p>[vc_row css_animation=\u00a0\u00bb\u00a0\u00bb row_type=\u00a0\u00bbrow\u00a0\u00bb use_row_as_full_screen_section=\u00a0\u00bbno\u00a0\u00bb type=\u00a0\u00bbfull_width\u00a0\u00bb angled_section=\u00a0\u00bbno\u00a0\u00bb text_align=\u00a0\u00bbleft\u00a0\u00bb background_image_as_pattern=\u00a0\u00bbwithout_pattern\u00a0\u00bb][vc_column][vc_column_text css=\u00a0\u00bb\u00a0\u00bb]<\/p>\n<h1>Nous contacter<\/h1>\n<p>[\/vc_column_text][vc_separator type=\u00a0\u00bbsmall\u00a0\u00bb position=\u00a0\u00bbleft\u00a0\u00bb color=\u00a0\u00bb#000000&Prime; thickness=\u00a0\u00bb2&Prime; up=\u00a0\u00bb6&Prime;][vc_empty_space height=\u00a0\u00bb8px\u00a0\u00bb][\/vc_column][\/vc_row][vc_row css_animation=\u00a0\u00bb\u00a0\u00bb row_type=\u00a0\u00bbrow\u00a0\u00bb use_row_as_full_screen_section=\u00a0\u00bbno\u00a0\u00bb type=\u00a0\u00bbfull_width\u00a0\u00bb angled_section=\u00a0\u00bbno\u00a0\u00bb text_align=\u00a0\u00bbleft\u00a0\u00bb background_image_as_pattern=\u00a0\u00bbwithout_pattern\u00a0\u00bb][vc_column width=\u00a0\u00bb1\/2&Prime; css=\u00a0\u00bb.vc_custom_1652977451051{padding-right: 30px !important;}\u00a0\u00bb][vc_column_text css=\u00a0\u00bb\u00a0\u00bb]Pour toutes demandes de certificats ou de renseignements, merci de vous rendre sur le site du Catalogue raisonn\u00e9.[\/vc_column_text][vc_empty_space height=\u00a0\u00bb40px\u00a0\u00bb]<a  itemprop=\"url\" href=\"https:\/\/jeanmiotte-catalogueraisonne.com\/\" target=\"_self\"  class=\"qbutton  default\" style=\"\">Site du Catalogue raisonn\u00e9<\/a>[vc_empty_space height=\u00a0\u00bb40px\u00a0\u00bb][vc_single_image image=\u00a0\u00bb268&Prime; img_size=\u00a0\u00bbfull\u00a0\u00bb qode_css_animation=\u00a0\u00bb\u00a0\u00bb][vc_empty_space height=\u00a0\u00bb5px\u00a0\u00bb][vc_column_text]<\/p>\n<h6>Jean Miotte photographi\u00e9 par Andr\u00e9 Villers \u00a9 Adagp, Paris<\/h6>\n<p>[\/vc_column_text][vc_empty_space height=\u00a0\u00bb30px\u00a0\u00bb][\/vc_column][vc_column width=\u00a0\u00bb1\/2&Prime;][vc_empty_space height=\u00a0\u00bb30px\u00a0\u00bb][\/vc_column][\/vc_row][vc_row css_animation=\u00a0\u00bb\u00a0\u00bb row_type=\u00a0\u00bbrow\u00a0\u00bb use_row_as_full_screen_section=\u00a0\u00bbno\u00a0\u00bb type=\u00a0\u00bbfull_width\u00a0\u00bb angled_section=\u00a0\u00bbno\u00a0\u00bb text_align=\u00a0\u00bbleft\u00a0\u00bb background_image_as_pattern=\u00a0\u00bbwithout_pattern\u00a0\u00bb][vc_column width=\u00a0\u00bb1\/2&Prime; css=\u00a0\u00bb.vc_custom_1650980199914{padding-right: 30px !important;}\u00a0\u00bb][\/vc_column][vc_column width=\u00a0\u00bb1\/2&Prime;][\/vc_column][\/vc_row][vc_row css_animation=\u00a0\u00bb\u00a0\u00bb row_type=\u00a0\u00bbrow\u00a0\u00bb use_row_as_full_screen_section=\u00a0\u00bbno\u00a0\u00bb type=\u00a0\u00bbfull_width\u00a0\u00bb angled_section=\u00a0\u00bbno\u00a0\u00bb text_align=\u00a0\u00bbleft\u00a0\u00bb background_image_as_pattern=\u00a0\u00bbwithout_pattern\u00a0\u00bb][vc_column][vc_empty_space height=\u00a0\u00bb50px\u00a0\u00bb][\/vc_column][\/vc_row]<\/p>\n<\/div>","protected":false},"excerpt":{"rendered":"<p>[vc_row css_animation=\u00a0\u00bb\u00a0\u00bb row_type=\u00a0\u00bbrow\u00a0\u00bb use_row_as_full_screen_section=\u00a0\u00bbno\u00a0\u00bb type=\u00a0\u00bbfull_width\u00a0\u00bb angled_section=\u00a0\u00bbno\u00a0\u00bb text_align=\u00a0\u00bbleft\u00a0\u00bb background_image_as_pattern=\u00a0\u00bbwithout_pattern\u00a0\u00bb][vc_column][vc_column_text css=\u00a0\u00bb\u00a0\u00bb] Nous contacter [\/vc_column_text][vc_separator type=\u00a0\u00bbsmall\u00a0\u00bb position=\u00a0\u00bbleft\u00a0\u00bb color=\u00a0\u00bb#000000&Prime; thickness=\u00a0\u00bb2&Prime; up=\u00a0\u00bb6&Prime;][vc_empty_space height=\u00a0\u00bb8px\u00a0\u00bb][\/vc_column][\/vc_row][vc_row css_animation=\u00a0\u00bb\u00a0\u00bb row_type=\u00a0\u00bbrow\u00a0\u00bb use_row_as_full_screen_section=\u00a0\u00bbno\u00a0\u00bb type=\u00a0\u00bbfull_width\u00a0\u00bb angled_section=\u00a0\u00bbno\u00a0\u00bb text_align=\u00a0\u00bbleft\u00a0\u00bb background_image_as_pattern=\u00a0\u00bbwithout_pattern\u00a0\u00bb][vc_column width=\u00a0\u00bb1\/2&Prime; css=\u00a0\u00bb.vc_custom_1652977451051{padding-right: 30px !important;}\u00a0\u00bb][vc_column_text css=\u00a0\u00bb\u00a0\u00bb]Pour toutes demandes de certificats ou de renseignements, merci de vous rendre sur le site du&#8230;<\/p>\n","protected":false},"author":2,"featured_media":0,"parent":0,"menu_order":0,"comment_status":"closed","ping_status":"closed","template":"","meta":{"footnotes":""},"class_list":["post-11","page","type-page","status-publish","hentry"],"yoast_head":"<!-- This site is optimized with the Yoast SEO plugin v24.6 - https:\/\/yoast.com\/wordpress\/plugins\/seo\/ -->\n<title>Contact Jean Miotte - Fondation Jean Miotte<\/title>\n<meta name=\"description\" content=\"Retrouvez toute l&#039;actualit\u00e9 des expositions, des \u00e9v\u00e8nements ainsi que les demandes de certificats de la Fondation Jean Miotte\" \/>\n<meta name=\"robots\" content=\"index, follow, max-snippet:-1, max-image-preview:large, max-video-preview:-1\" \/>\n<link rel=\"canonical\" href=\"https:\/\/fondationmiotte.com\/index.php\/contact-fr\/\" \/>\n<meta property=\"og:locale\" content=\"fr_FR\" \/>\n<meta property=\"og:type\" content=\"article\" \/>\n<meta property=\"og:title\" content=\"Contact Jean Miotte - Fondation Jean Miotte\" \/>\n<meta property=\"og:description\" content=\"Retrouvez toute l&#039;actualit\u00e9 des expositions, des \u00e9v\u00e8nements ainsi que les demandes de certificats de la Fondation Jean Miotte\" \/>\n<meta property=\"og:url\" content=\"https:\/\/fondationmiotte.com\/index.php\/contact-fr\/\" \/>\n<meta property=\"og:site_name\" content=\"Fondation Jean Miotte\" \/>\n<meta property=\"article:modified_time\" content=\"2025-03-08T14:16:46+00:00\" \/>\n<meta name=\"twitter:card\" content=\"summary_large_image\" \/>\n<meta name=\"twitter:label1\" content=\"Dur\u00e9e de lecture estim\u00e9e\" \/>\n\t<meta name=\"twitter:data1\" content=\"1 minute\" \/>\n<script type=\"application\/ld+json\" class=\"yoast-schema-graph\">{\"@context\":\"https:\/\/schema.org\",\"@graph\":[{\"@type\":\"WebPage\",\"@id\":\"https:\/\/fondationmiotte.com\/index.php\/contact-fr\/\",\"url\":\"https:\/\/fondationmiotte.com\/index.php\/contact-fr\/\",\"name\":\"Contact Jean Miotte - Fondation Jean Miotte\",\"isPartOf\":{\"@id\":\"https:\/\/fondationmiotte.com\/#website\"},\"datePublished\":\"2022-04-25T10:02:25+00:00\",\"dateModified\":\"2025-03-08T14:16:46+00:00\",\"description\":\"Retrouvez toute l'actualit\u00e9 des expositions, des \u00e9v\u00e8nements ainsi que les demandes de certificats de la Fondation Jean Miotte\",\"breadcrumb\":{\"@id\":\"https:\/\/fondationmiotte.com\/index.php\/contact-fr\/#breadcrumb\"},\"inLanguage\":\"fr-FR\",\"potentialAction\":[{\"@type\":\"ReadAction\",\"target\":[\"https:\/\/fondationmiotte.com\/index.php\/contact-fr\/\"]}]},{\"@type\":\"BreadcrumbList\",\"@id\":\"https:\/\/fondationmiotte.com\/index.php\/contact-fr\/#breadcrumb\",\"itemListElement\":[{\"@type\":\"ListItem\",\"position\":1,\"name\":\"Accueil\",\"item\":\"https:\/\/fondationmiotte.com\/\"},{\"@type\":\"ListItem\",\"position\":2,\"name\":\"Fondation Jean Miotte Contact\"}]},{\"@type\":\"WebSite\",\"@id\":\"https:\/\/fondationmiotte.com\/#website\",\"url\":\"https:\/\/fondationmiotte.com\/\",\"name\":\"Fondation Jean Miotte\",\"description\":\"Fondation Jean Miotte\",\"potentialAction\":[{\"@type\":\"SearchAction\",\"target\":{\"@type\":\"EntryPoint\",\"urlTemplate\":\"https:\/\/fondationmiotte.com\/?s={search_term_string}\"},\"query-input\":{\"@type\":\"PropertyValueSpecification\",\"valueRequired\":true,\"valueName\":\"search_term_string\"}}],\"inLanguage\":\"fr-FR\"}]}<\/script>\n<!-- \/ Yoast SEO plugin. -->","yoast_head_json":{"title":"Contact Jean Miotte - Fondation Jean Miotte","description":"Retrouvez toute l'actualit\u00e9 des expositions, des \u00e9v\u00e8nements ainsi que les demandes de certificats de la Fondation Jean Miotte","robots":{"index":"index","follow":"follow","max-snippet":"max-snippet:-1","max-image-preview":"max-image-preview:large","max-video-preview":"max-video-preview:-1"},"canonical":"https:\/\/fondationmiotte.com\/index.php\/contact-fr\/","og_locale":"fr_FR","og_type":"article","og_title":"Contact Jean Miotte - Fondation Jean Miotte","og_description":"Retrouvez toute l'actualit\u00e9 des expositions, des \u00e9v\u00e8nements ainsi que les demandes de certificats de la Fondation Jean Miotte","og_url":"https:\/\/fondationmiotte.com\/index.php\/contact-fr\/","og_site_name":"Fondation Jean Miotte","article_modified_time":"2025-03-08T14:16:46+00:00","twitter_card":"summary_large_image","twitter_misc":{"Dur\u00e9e de lecture estim\u00e9e":"1 minute"},"schema":{"@context":"https:\/\/schema.org","@graph":[{"@type":"WebPage","@id":"https:\/\/fondationmiotte.com\/index.php\/contact-fr\/","url":"https:\/\/fondationmiotte.com\/index.php\/contact-fr\/","name":"Contact Jean Miotte - Fondation Jean Miotte","isPartOf":{"@id":"https:\/\/fondationmiotte.com\/#website"},"datePublished":"2022-04-25T10:02:25+00:00","dateModified":"2025-03-08T14:16:46+00:00","description":"Retrouvez toute l'actualit\u00e9 des expositions, des \u00e9v\u00e8nements ainsi que les demandes de certificats de la Fondation Jean Miotte","breadcrumb":{"@id":"https:\/\/fondationmiotte.com\/index.php\/contact-fr\/#breadcrumb"},"inLanguage":"fr-FR","potentialAction":[{"@type":"ReadAction","target":["https:\/\/fondationmiotte.com\/index.php\/contact-fr\/"]}]},{"@type":"BreadcrumbList","@id":"https:\/\/fondationmiotte.com\/index.php\/contact-fr\/#breadcrumb","itemListElement":[{"@type":"ListItem","position":1,"name":"Accueil","item":"https:\/\/fondationmiotte.com\/"},{"@type":"ListItem","position":2,"name":"Fondation Jean Miotte Contact"}]},{"@type":"WebSite","@id":"https:\/\/fondationmiotte.com\/#website","url":"https:\/\/fondationmiotte.com\/","name":"Fondation Jean Miotte","description":"Fondation Jean Miotte","potentialAction":[{"@type":"SearchAction","target":{"@type":"EntryPoint","urlTemplate":"https:\/\/fondationmiotte.com\/?s={search_term_string}"},"query-input":{"@type":"PropertyValueSpecification","valueRequired":true,"valueName":"search_term_string"}}],"inLanguage":"fr-FR"}]}},"_links":{"self":[{"href":"https:\/\/fondationmiotte.com\/index.php\/wp-json\/wp\/v2\/pages\/11","targetHints":{"allow":["GET"]}}],"collection":[{"href":"https:\/\/fondationmiotte.com\/index.php\/wp-json\/wp\/v2\/pages"}],"about":[{"href":"https:\/\/fondationmiotte.com\/index.php\/wp-json\/wp\/v2\/types\/page"}],"author":[{"embeddable":true,"href":"https:\/\/fondationmiotte.com\/index.php\/wp-json\/wp\/v2\/users\/2"}],"replies":[{"embeddable":true,"href":"https:\/\/fondationmiotte.com\/index.php\/wp-json\/wp\/v2\/comments?post=11"}],"version-history":[{"count":40,"href":"https:\/\/fondationmiotte.com\/index.php\/wp-json\/wp\/v2\/pages\/11\/revisions"}],"predecessor-version":[{"id":515,"href":"https:\/\/fondationmiotte.com\/index.php\/wp-json\/wp\/v2\/pages\/11\/revisions\/515"}],"wp:attachment":[{"href":"https:\/\/fondationmiotte.com\/index.php\/wp-json\/wp\/v2\/media?parent=11"}],"curies":[{"name":"wp","href":"https:\/\/api.w.org\/{rel}","templated":true}]}}