{"id":191,"date":"2022-06-30T21:18:40","date_gmt":"2022-06-30T19:18:40","guid":{"rendered":"https:\/\/fondationmiotte.com\/?page_id=191"},"modified":"2022-08-23T10:52:34","modified_gmt":"2022-08-23T08:52:34","slug":"oeuvres","status":"publish","type":"page","link":"https:\/\/fondationmiotte.com\/index.php\/oeuvres\/","title":{"rendered":"Jean Miotte \u0152uvres"},"content":{"rendered":"<div class=\"wpb-content-wrapper\"><p>[vc_row css_animation=\u00a0\u00bb\u00a0\u00bb row_type=\u00a0\u00bbrow\u00a0\u00bb use_row_as_full_screen_section=\u00a0\u00bbno\u00a0\u00bb type=\u00a0\u00bbfull_width\u00a0\u00bb angled_section=\u00a0\u00bbno\u00a0\u00bb text_align=\u00a0\u00bbleft\u00a0\u00bb background_image_as_pattern=\u00a0\u00bbwithout_pattern\u00a0\u00bb][vc_column][vc_column_text]<\/p>\n<h1>Galerie des \u0153uvres<\/h1>\n<p>[\/vc_column_text][vc_separator type=\u00a0\u00bbsmall\u00a0\u00bb position=\u00a0\u00bbleft\u00a0\u00bb color=\u00a0\u00bb#000000&Prime; thickness=\u00a0\u00bb2&Prime; up=\u00a0\u00bb6&Prime;][vc_empty_space height=\u00a0\u00bb30px\u00a0\u00bb][\/vc_column][\/vc_row][vc_row css_animation=\u00a0\u00bb\u00a0\u00bb row_type=\u00a0\u00bbrow\u00a0\u00bb use_row_as_full_screen_section=\u00a0\u00bbno\u00a0\u00bb type=\u00a0\u00bbfull_width\u00a0\u00bb angled_section=\u00a0\u00bbno\u00a0\u00bb text_align=\u00a0\u00bbleft\u00a0\u00bb background_image_as_pattern=\u00a0\u00bbwithout_pattern\u00a0\u00bb][vc_column][vc_row_inner row_type=\u00a0\u00bbrow\u00a0\u00bb type=\u00a0\u00bbfull_width\u00a0\u00bb text_align=\u00a0\u00bbleft\u00a0\u00bb css_animation=\u00a0\u00bb\u00a0\u00bb][vc_column_inner width=\u00a0\u00bb1\/3&Prime;][vc_single_image image=\u00a0\u00bb266&Prime; img_size=\u00a0\u00bbmedium\u00a0\u00bb alignment=\u00a0\u00bbcenter\u00a0\u00bb onclick=\u00a0\u00bbcustom_link\u00a0\u00bb qode_css_animation=\u00a0\u00bb\u00a0\u00bb link=\u00a0\u00bbhttps:\/\/fondationmiotte.com\/index.php\/oeuvres\/sans-titre-2001\/\u00a0\u00bb][vc_empty_space height=\u00a0\u00bb10px\u00a0\u00bb][vc_column_text]<\/p>\n<p style=\"text-align: center;\">SANS TITRE, 2001<br \/>\nAcrylique sur toile<br \/>\n195 x 390 cm<br \/>\nSigne\u0301 \u00ab Miotte \u00bb en bas a\u0300 droite<\/p>\n<p>[\/vc_column_text][vc_empty_space height=\u00a0\u00bb40px\u00a0\u00bb][\/vc_column_inner][vc_column_inner width=\u00a0\u00bb1\/3&Prime;][vc_single_image image=\u00a0\u00bb279&Prime; img_size=\u00a0\u00bbmedium\u00a0\u00bb alignment=\u00a0\u00bbcenter\u00a0\u00bb onclick=\u00a0\u00bbcustom_link\u00a0\u00bb qode_css_animation=\u00a0\u00bb\u00a0\u00bb link=\u00a0\u00bbhttps:\/\/fondationmiotte.com\/index.php\/oeuvres\/sans-titre-2000\/\u00a0\u00bb][vc_empty_space height=\u00a0\u00bb10px\u00a0\u00bb][vc_column_text]<\/p>\n<p style=\"text-align: center;\">SANS TITRE, 2000<br \/>\nAcrylique sur toile<br \/>\n130 x 162 cm<\/p>\n<p>[\/vc_column_text][vc_empty_space height=\u00a0\u00bb40px\u00a0\u00bb][\/vc_column_inner][vc_column_inner width=\u00a0\u00bb1\/3&Prime;][vc_single_image image=\u00a0\u00bb280&Prime; img_size=\u00a0\u00bbmedium\u00a0\u00bb alignment=\u00a0\u00bbcenter\u00a0\u00bb onclick=\u00a0\u00bbcustom_link\u00a0\u00bb qode_css_animation=\u00a0\u00bb\u00a0\u00bb link=\u00a0\u00bbhttps:\/\/fondationmiotte.com\/index.php\/oeuvres\/sans-titre-2000-acrylique\/\u00a0\u00bb][vc_empty_space height=\u00a0\u00bb10px\u00a0\u00bb][vc_column_text]<\/p>\n<p style=\"text-align: center;\">SANS TITRE, 2000<br \/>\nAcrylique sur toile<br \/>\n100 x 81 cm<br \/>\nSigne\u0301 \u00ab Miotte \u00bb en bas a\u0300 gauche<\/p>\n<p>[\/vc_column_text][vc_empty_space height=\u00a0\u00bb40px\u00a0\u00bb][\/vc_column_inner][\/vc_row_inner][vc_row_inner row_type=\u00a0\u00bbrow\u00a0\u00bb type=\u00a0\u00bbfull_width\u00a0\u00bb text_align=\u00a0\u00bbleft\u00a0\u00bb css_animation=\u00a0\u00bb\u00a0\u00bb][vc_column_inner width=\u00a0\u00bb1\/3&Prime;][vc_single_image image=\u00a0\u00bb283&Prime; img_size=\u00a0\u00bbmedium\u00a0\u00bb alignment=\u00a0\u00bbcenter\u00a0\u00bb onclick=\u00a0\u00bbcustom_link\u00a0\u00bb qode_css_animation=\u00a0\u00bb\u00a0\u00bb link=\u00a0\u00bbhttps:\/\/fondationmiotte.com\/index.php\/oeuvres\/sans-titre-1996\/\u00a0\u00bb][vc_empty_space height=\u00a0\u00bb10px\u00a0\u00bb][vc_column_text]<\/p>\n<p style=\"text-align: center;\">SANS TITRE, 1996<br \/>\nAcrylique sur toile<br \/>\n160 x 130 cm<br \/>\nSigne\u0301 \u00ab Miotte \u00bb au dos<\/p>\n<p>[\/vc_column_text][vc_empty_space height=\u00a0\u00bb30px\u00a0\u00bb][\/vc_column_inner][vc_column_inner width=\u00a0\u00bb1\/3&Prime;][vc_single_image image=\u00a0\u00bb282&Prime; img_size=\u00a0\u00bbmedium\u00a0\u00bb alignment=\u00a0\u00bbcenter\u00a0\u00bb onclick=\u00a0\u00bbcustom_link\u00a0\u00bb qode_css_animation=\u00a0\u00bb\u00a0\u00bb link=\u00a0\u00bbhttps:\/\/fondationmiotte.com\/index.php\/oeuvres\/sans-titre-1994\/\u00a0\u00bb][vc_empty_space height=\u00a0\u00bb10px\u00a0\u00bb][vc_column_text]<\/p>\n<p style=\"text-align: center;\">SANS TITRE, 1994<br \/>\nAcrylique sur toile<br \/>\n162 x 130 cm<br \/>\nSigne\u0301 \u00ab Miotte \u00bb en bas a\u0300 droite<\/p>\n<p>[\/vc_column_text][vc_empty_space height=\u00a0\u00bb30px\u00a0\u00bb][\/vc_column_inner][vc_column_inner width=\u00a0\u00bb1\/3&Prime;][vc_single_image image=\u00a0\u00bb284&Prime; img_size=\u00a0\u00bbmedium\u00a0\u00bb alignment=\u00a0\u00bbcenter\u00a0\u00bb onclick=\u00a0\u00bbcustom_link\u00a0\u00bb qode_css_animation=\u00a0\u00bb\u00a0\u00bb link=\u00a0\u00bbhttps:\/\/fondationmiotte.com\/index.php\/oeuvres\/sans-titre-1992\/\u00a0\u00bb][vc_empty_space height=\u00a0\u00bb10px\u00a0\u00bb][vc_column_text]<\/p>\n<p style=\"text-align: center;\">SANS TITRE, 1992<br \/>\nAcrylique sur toile<br \/>\n195 x 374,5 cm<br \/>\nSigne\u0301 \u00ab Miotte \u00bb au dos<\/p>\n<p>[\/vc_column_text][vc_empty_space height=\u00a0\u00bb30px\u00a0\u00bb][\/vc_column_inner][\/vc_row_inner][vc_row_inner row_type=\u00a0\u00bbrow\u00a0\u00bb type=\u00a0\u00bbfull_width\u00a0\u00bb text_align=\u00a0\u00bbleft\u00a0\u00bb css_animation=\u00a0\u00bb\u00a0\u00bb][vc_column_inner width=\u00a0\u00bb1\/3&Prime;][vc_single_image image=\u00a0\u00bb370&Prime; img_size=\u00a0\u00bbmedium\u00a0\u00bb alignment=\u00a0\u00bbcenter\u00a0\u00bb onclick=\u00a0\u00bbcustom_link\u00a0\u00bb qode_css_animation=\u00a0\u00bb\u00a0\u00bb link=\u00a0\u00bbhttps:\/\/fondationmiotte.com\/index.php\/oeuvres\/sud-1991\/\u00a0\u00bb][vc_empty_space height=\u00a0\u00bb10px\u00a0\u00bb][vc_column_text]<\/p>\n<p style=\"text-align: center;\">SUD, 1991<br \/>\nAcrylique sur toile<br \/>\n195 X 520\u00a0cm<\/p>\n<p>[\/vc_column_text][vc_empty_space height=\u00a0\u00bb30px\u00a0\u00bb][\/vc_column_inner][vc_column_inner width=\u00a0\u00bb1\/3&Prime;][\/vc_column_inner][vc_column_inner width=\u00a0\u00bb1\/3&Prime;][\/vc_column_inner][\/vc_row_inner][\/vc_column][\/vc_row][vc_row css_animation=\u00a0\u00bb\u00a0\u00bb row_type=\u00a0\u00bbrow\u00a0\u00bb use_row_as_full_screen_section=\u00a0\u00bbno\u00a0\u00bb type=\u00a0\u00bbfull_width\u00a0\u00bb angled_section=\u00a0\u00bbno\u00a0\u00bb text_align=\u00a0\u00bbleft\u00a0\u00bb background_image_as_pattern=\u00a0\u00bbwithout_pattern\u00a0\u00bb][vc_column][vc_empty_space height=\u00a0\u00bb50px\u00a0\u00bb][vc_column_text]<\/p>\n<p class=\"breadcrumbs-style\"><span><span><a href=\"https:\/\/fondationmiotte.com\/\">Accueil<\/a><\/span><\/span><\/p>\n<p>[\/vc_column_text][vc_empty_space height=\u00a0\u00bb50px\u00a0\u00bb][\/vc_column][\/vc_row]<\/p>\n<\/div>","protected":false},"excerpt":{"rendered":"<p>[vc_row css_animation=\u00a0\u00bb\u00a0\u00bb row_type=\u00a0\u00bbrow\u00a0\u00bb use_row_as_full_screen_section=\u00a0\u00bbno\u00a0\u00bb type=\u00a0\u00bbfull_width\u00a0\u00bb angled_section=\u00a0\u00bbno\u00a0\u00bb text_align=\u00a0\u00bbleft\u00a0\u00bb background_image_as_pattern=\u00a0\u00bbwithout_pattern\u00a0\u00bb][vc_column][vc_column_text] Galerie des \u0153uvres [\/vc_column_text][vc_separator type=\u00a0\u00bbsmall\u00a0\u00bb position=\u00a0\u00bbleft\u00a0\u00bb color=\u00a0\u00bb#000000&Prime; thickness=\u00a0\u00bb2&Prime; up=\u00a0\u00bb6&Prime;][vc_empty_space height=\u00a0\u00bb30px\u00a0\u00bb][\/vc_column][\/vc_row][vc_row css_animation=\u00a0\u00bb\u00a0\u00bb row_type=\u00a0\u00bbrow\u00a0\u00bb use_row_as_full_screen_section=\u00a0\u00bbno\u00a0\u00bb type=\u00a0\u00bbfull_width\u00a0\u00bb angled_section=\u00a0\u00bbno\u00a0\u00bb text_align=\u00a0\u00bbleft\u00a0\u00bb background_image_as_pattern=\u00a0\u00bbwithout_pattern\u00a0\u00bb][vc_column][vc_row_inner row_type=\u00a0\u00bbrow\u00a0\u00bb type=\u00a0\u00bbfull_width\u00a0\u00bb text_align=\u00a0\u00bbleft\u00a0\u00bb css_animation=\u00a0\u00bb\u00a0\u00bb][vc_column_inner width=\u00a0\u00bb1\/3&Prime;][vc_single_image image=\u00a0\u00bb266&Prime; img_size=\u00a0\u00bbmedium\u00a0\u00bb alignment=\u00a0\u00bbcenter\u00a0\u00bb onclick=\u00a0\u00bbcustom_link\u00a0\u00bb qode_css_animation=\u00a0\u00bb\u00a0\u00bb link=\u00a0\u00bbhttps:\/\/fondationmiotte.com\/index.php\/oeuvres\/sans-titre-2001\/\u00a0\u00bb][vc_empty_space height=\u00a0\u00bb10px\u00a0\u00bb][vc_column_text] SANS TITRE, 2001 Acrylique sur toile 195 x&#8230;<\/p>\n","protected":false},"author":2,"featured_media":0,"parent":0,"menu_order":0,"comment_status":"closed","ping_status":"closed","template":"","meta":{"footnotes":""},"class_list":["post-191","page","type-page","status-publish","hentry"],"yoast_head":"<!-- This site is optimized with the Yoast SEO plugin v24.6 - https:\/\/yoast.com\/wordpress\/plugins\/seo\/ -->\n<title>Jean Miotte \u0153uvres - Fondation Jean Miotte<\/title>\n<meta name=\"description\" content=\"Retrouvez les \u0153uvres les plus importantes de l&#039;artiste peintre Jean Miotte \u00e0 travers cette s\u00e9lection r\u00e9alis\u00e9e par la Fondation Jean Miotte\" \/>\n<meta name=\"robots\" content=\"index, follow, max-snippet:-1, max-image-preview:large, max-video-preview:-1\" \/>\n<link rel=\"canonical\" href=\"https:\/\/fondationmiotte.com\/index.php\/oeuvres\/\" \/>\n<meta property=\"og:locale\" content=\"fr_FR\" \/>\n<meta property=\"og:type\" content=\"article\" \/>\n<meta property=\"og:title\" content=\"Jean Miotte \u0153uvres - Fondation Jean Miotte\" \/>\n<meta property=\"og:description\" content=\"Retrouvez les \u0153uvres les plus importantes de l&#039;artiste peintre Jean Miotte \u00e0 travers cette s\u00e9lection r\u00e9alis\u00e9e par la Fondation Jean Miotte\" \/>\n<meta property=\"og:url\" content=\"https:\/\/fondationmiotte.com\/index.php\/oeuvres\/\" \/>\n<meta property=\"og:site_name\" content=\"Fondation Jean Miotte\" \/>\n<meta property=\"article:modified_time\" content=\"2022-08-23T08:52:34+00:00\" \/>\n<meta name=\"twitter:card\" content=\"summary_large_image\" \/>\n<meta name=\"twitter:label1\" content=\"Dur\u00e9e de lecture estim\u00e9e\" \/>\n\t<meta name=\"twitter:data1\" content=\"2 minutes\" \/>\n<script type=\"application\/ld+json\" class=\"yoast-schema-graph\">{\"@context\":\"https:\/\/schema.org\",\"@graph\":[{\"@type\":\"WebPage\",\"@id\":\"https:\/\/fondationmiotte.com\/index.php\/oeuvres\/\",\"url\":\"https:\/\/fondationmiotte.com\/index.php\/oeuvres\/\",\"name\":\"Jean Miotte \u0153uvres - Fondation Jean Miotte\",\"isPartOf\":{\"@id\":\"https:\/\/fondationmiotte.com\/#website\"},\"datePublished\":\"2022-06-30T19:18:40+00:00\",\"dateModified\":\"2022-08-23T08:52:34+00:00\",\"description\":\"Retrouvez les \u0153uvres les plus importantes de l'artiste peintre Jean Miotte \u00e0 travers cette s\u00e9lection r\u00e9alis\u00e9e par la Fondation Jean Miotte\",\"breadcrumb\":{\"@id\":\"https:\/\/fondationmiotte.com\/index.php\/oeuvres\/#breadcrumb\"},\"inLanguage\":\"fr-FR\",\"potentialAction\":[{\"@type\":\"ReadAction\",\"target\":[\"https:\/\/fondationmiotte.com\/index.php\/oeuvres\/\"]}]},{\"@type\":\"BreadcrumbList\",\"@id\":\"https:\/\/fondationmiotte.com\/index.php\/oeuvres\/#breadcrumb\",\"itemListElement\":[{\"@type\":\"ListItem\",\"position\":1,\"name\":\"Accueil\",\"item\":\"https:\/\/fondationmiotte.com\/\"},{\"@type\":\"ListItem\",\"position\":2,\"name\":\"Jean Miotte \u0152uvres\"}]},{\"@type\":\"WebSite\",\"@id\":\"https:\/\/fondationmiotte.com\/#website\",\"url\":\"https:\/\/fondationmiotte.com\/\",\"name\":\"Fondation Jean Miotte\",\"description\":\"Fondation Jean Miotte\",\"potentialAction\":[{\"@type\":\"SearchAction\",\"target\":{\"@type\":\"EntryPoint\",\"urlTemplate\":\"https:\/\/fondationmiotte.com\/?s={search_term_string}\"},\"query-input\":{\"@type\":\"PropertyValueSpecification\",\"valueRequired\":true,\"valueName\":\"search_term_string\"}}],\"inLanguage\":\"fr-FR\"}]}<\/script>\n<!-- \/ Yoast SEO plugin. -->","yoast_head_json":{"title":"Jean Miotte \u0153uvres - Fondation Jean Miotte","description":"Retrouvez les \u0153uvres les plus importantes de l'artiste peintre Jean Miotte \u00e0 travers cette s\u00e9lection r\u00e9alis\u00e9e par la Fondation Jean Miotte","robots":{"index":"index","follow":"follow","max-snippet":"max-snippet:-1","max-image-preview":"max-image-preview:large","max-video-preview":"max-video-preview:-1"},"canonical":"https:\/\/fondationmiotte.com\/index.php\/oeuvres\/","og_locale":"fr_FR","og_type":"article","og_title":"Jean Miotte \u0153uvres - Fondation Jean Miotte","og_description":"Retrouvez les \u0153uvres les plus importantes de l'artiste peintre Jean Miotte \u00e0 travers cette s\u00e9lection r\u00e9alis\u00e9e par la Fondation Jean Miotte","og_url":"https:\/\/fondationmiotte.com\/index.php\/oeuvres\/","og_site_name":"Fondation Jean Miotte","article_modified_time":"2022-08-23T08:52:34+00:00","twitter_card":"summary_large_image","twitter_misc":{"Dur\u00e9e de lecture estim\u00e9e":"2 minutes"},"schema":{"@context":"https:\/\/schema.org","@graph":[{"@type":"WebPage","@id":"https:\/\/fondationmiotte.com\/index.php\/oeuvres\/","url":"https:\/\/fondationmiotte.com\/index.php\/oeuvres\/","name":"Jean Miotte \u0153uvres - Fondation Jean Miotte","isPartOf":{"@id":"https:\/\/fondationmiotte.com\/#website"},"datePublished":"2022-06-30T19:18:40+00:00","dateModified":"2022-08-23T08:52:34+00:00","description":"Retrouvez les \u0153uvres les plus importantes de l'artiste peintre Jean Miotte \u00e0 travers cette s\u00e9lection r\u00e9alis\u00e9e par la Fondation Jean Miotte","breadcrumb":{"@id":"https:\/\/fondationmiotte.com\/index.php\/oeuvres\/#breadcrumb"},"inLanguage":"fr-FR","potentialAction":[{"@type":"ReadAction","target":["https:\/\/fondationmiotte.com\/index.php\/oeuvres\/"]}]},{"@type":"BreadcrumbList","@id":"https:\/\/fondationmiotte.com\/index.php\/oeuvres\/#breadcrumb","itemListElement":[{"@type":"ListItem","position":1,"name":"Accueil","item":"https:\/\/fondationmiotte.com\/"},{"@type":"ListItem","position":2,"name":"Jean Miotte \u0152uvres"}]},{"@type":"WebSite","@id":"https:\/\/fondationmiotte.com\/#website","url":"https:\/\/fondationmiotte.com\/","name":"Fondation Jean Miotte","description":"Fondation Jean Miotte","potentialAction":[{"@type":"SearchAction","target":{"@type":"EntryPoint","urlTemplate":"https:\/\/fondationmiotte.com\/?s={search_term_string}"},"query-input":{"@type":"PropertyValueSpecification","valueRequired":true,"valueName":"search_term_string"}}],"inLanguage":"fr-FR"}]}},"_links":{"self":[{"href":"https:\/\/fondationmiotte.com\/index.php\/wp-json\/wp\/v2\/pages\/191","targetHints":{"allow":["GET"]}}],"collection":[{"href":"https:\/\/fondationmiotte.com\/index.php\/wp-json\/wp\/v2\/pages"}],"about":[{"href":"https:\/\/fondationmiotte.com\/index.php\/wp-json\/wp\/v2\/types\/page"}],"author":[{"embeddable":true,"href":"https:\/\/fondationmiotte.com\/index.php\/wp-json\/wp\/v2\/users\/2"}],"replies":[{"embeddable":true,"href":"https:\/\/fondationmiotte.com\/index.php\/wp-json\/wp\/v2\/comments?post=191"}],"version-history":[{"count":39,"href":"https:\/\/fondationmiotte.com\/index.php\/wp-json\/wp\/v2\/pages\/191\/revisions"}],"predecessor-version":[{"id":194,"href":"https:\/\/fondationmiotte.com\/index.php\/wp-json\/wp\/v2\/pages\/191\/revisions\/194"}],"wp:attachment":[{"href":"https:\/\/fondationmiotte.com\/index.php\/wp-json\/wp\/v2\/media?parent=191"}],"curies":[{"name":"wp","href":"https:\/\/api.w.org\/{rel}","templated":true}]}}